{"id":2,"date":"2022-12-08T10:06:42","date_gmt":"2022-12-08T10:06:42","guid":{"rendered":"https:\/\/demo.blazethemes.com\/newsmatic-one\/?page_id=2"},"modified":"2025-03-21T08:56:00","modified_gmt":"2025-03-21T08:56:00","slug":"sample-page","status":"publish","type":"page","link":"https:\/\/oszd.edu.ba\/index.php\/sample-page\/","title":{"rendered":"O \u0161kolI"},"content":{"rendered":"\n<div class=\"wp-block-columns is-layout-flex wp-container-core-columns-is-layout-9d6595d7 wp-block-columns-is-layout-flex\">\n<div class=\"wp-block-column is-layout-flow wp-block-column-is-layout-flow\"><\/div>\n\n\n\n<div class=\"wp-block-column is-layout-flow wp-block-column-is-layout-flow\"><\/div>\n<\/div>\n\n\n\n<p><strong><em>Biografija: Zajko Deli\u0107<\/em><\/strong><\/p>\n\n\n\n<figure class=\"wp-block-gallery has-nested-images columns-default is-cropped wp-block-gallery-1 is-layout-flex wp-block-gallery-is-layout-flex\">\n<figure class=\"wp-block-image size-large\"><img loading=\"lazy\" decoding=\"async\" width=\"762\" height=\"1024\" data-id=\"708\" src=\"https:\/\/oszd.edu.ba\/wp-content\/uploads\/2025\/03\/image.jpeg\" alt=\"This image has an empty alt attribute; its file name is zajko-762x1024-1.jpg\" class=\"wp-image-708\" srcset=\"https:\/\/oszd.edu.ba\/wp-content\/uploads\/2025\/03\/image.jpeg 762w, https:\/\/oszd.edu.ba\/wp-content\/uploads\/2025\/03\/image-223x300.jpeg 223w\" sizes=\"auto, (max-width: 762px) 100vw, 762px\" \/><\/figure>\n<\/figure>\n\n\n\n<p>Zajko Deli\u0107 ro\u0111en 28.08.1951.godine u Kaknju. O\u017eenjen, otac dvije k\u0107erke i sina.Osnovnu \u0161kolu zavr\u0161io u Kaknju.U periodu od 1966.godine do 1970.godine zavr\u0161ava Srednju U\u010diteljsku \u0161kolu u Travniku.Nakon zavr\u0161ene srednje \u0161kole, 01.09.1970.godine zapo\u0161ljava se u J.U. O.\u0160. \u201eBrnjic\u201c Kakanj na neodre\u0111eno radno vrijeme. 1974 godine svoje obrazovanje nastavlja na Pedago\u0161koj akademiji u Mostaru, gdje 1977.godine sti\u010de zvanje vi\u0161e stru\u010dne spreme,studijska grupa Histroija i Geografija.Nakon zavr\u0161etka Pedago\u0161ke Akademije od 1977.godine po\u010dinje predavati predmete Histroiju i Geografiju.Uvijek se dr\u017eao&nbsp; teze da \u010dovjek u\u010di dok je \u017eiv, jer obrazovan \u010dovjek je najbolja karta za budu\u0107nost, a zatim 1979. godine upisuje Pravni Fakultet u Sarajevu, gdje je uspje\u0161no diplomirao 1985.godine.Od 1985.godine nastavlja \u017eivjeti u mjestu Hotonj u Vogo\u0161\u0107i,&nbsp; gdje se zapo\u0161ljava u J.U. O.\u0160. \u201eZagorka Dragovi\u0107\u201c Hotonj-Vogo\u0161\u0107a.U aprilu 1992.godine priklju\u0107uje se teritorijalonoj odbrani BiH, bio je pripadnik A R BiH \u201e 1 SLAVNE-111. VITE\u0160KE BRIGADE\u201c Sarajevo,&nbsp; a poginuo je 21.02.1993.godine na izvr\u0161enju ratnih zadataka od gelera granate u mjestu Hotonj-Vogo\u0161\u0107a.Postuhmno je odlikovan ratnim priznanjem i poveljom za doprinos u odbrani R BiH od agresije u toku odbranbeno-oslobodila\u010dkog rata 1992-1995.godine.<\/p>\n\n\n\n<hr class=\"wp-block-separator has-alpha-channel-opacity\"\/>\n\n\n\n<p>Osnovna \u0161kola na Kobiljoj Glavi po\u010dela je sa radom 1939. godine kao \u010detverorazredna \u0161kola sa kombinovanim razredima.<br>Do II svjetskog rata nosila je ime Osnovna \u0161kola \u201cKobilja Glava\u201d. Od 1945. godine do 1953. godine \u0161kola je nosila ime Osnovna \u0161kola \u201cAlija Alijagi\u0107\u201d. Od 1953. godine do 1967. godine bila je podru\u010dna \u0161kola osnovne \u0161kole \u201cMo\u0161a Pijade\u201d iz Vogo\u0161\u0107e. Od 1967. godine do 1980. godine bila je podru\u010dna \u0161kola osnovne \u0161kole \u201cIgmanski mar\u0161\u201d iz Vogo\u0161\u0107e. Od 1980. godine do 1992. godine bila je podru\u010dna \u0161kola osnovne \u0161kole \u201cZagorka Dragovi\u0107\u201d iz Hotonja. Predsjeni\u0161tvo skup\u0161tine op\u0161tine Vogo\u0161\u0107a 27.08.1993.godine donijelo je Odluku o prekidu rada biv\u0161ih osnovnih \u0161kola i njihovom spajanju u novu jedinstvenu ustanovu osnovnog obrazovanja, te je formirana Osnovna \u0161kola \u201cVogo\u0161\u0107a\u201d sa sjedi\u0161tem na Kobiljoj Glavi. Nastavni proces odvijao se na pet punktova (Barica, Donji Hotonj, Duma\u010da, Bu\u0161\u0107a i Kobilja Glava). Reintegracijom op\u0107ine Vogo\u0161\u0107a u sastav FBiH, o\u017eivljava iznova rad svih vogo\u0161\u0107anskih \u0161kola. Odlukom prelaznog op\u0107inskog vije\u0107a 01.01.1997.godine osnovana je u naselju Kobilja Glava osmogodi\u0161nja Osnovna \u0161kola \u201cZajko Deli\u0107\u201d Vogo\u0161\u0107a.<br>\u0160kolske 2004\/2005. godine u ovoj \u0161koli prvi put su svoje \u0161kolovanje po\u010deli u\u010denici devetogodi\u0161nje osnovne \u0161kole.<\/p>\n\n\n\n<p><\/p>\n","protected":false},"excerpt":{"rendered":"<p>Biografija: Zajko Deli\u0107 Zajko Deli\u0107 ro\u0111en 28.08.1951.godine u Kaknju. O\u017eenjen, otac dvije k\u0107erke i sina.Osnovnu \u0161kolu zavr\u0161io u Kaknju.U periodu od 1966.godine do 1970.godine zavr\u0161ava Srednju U\u010diteljsku \u0161kolu u Travniku.Nakon zavr\u0161ene srednje \u0161kole, 01.09.1970.godine zapo\u0161ljava se u J.U. O.\u0160. \u201eBrnjic\u201c Kakanj na neodre\u0111eno radno vrijeme. 1974 godine svoje obrazovanje nastavlja na Pedago\u0161koj akademiji u Mostaru,&#8230;<\/p>\n","protected":false},"author":1,"featured_media":0,"parent":0,"menu_order":0,"comment_status":"closed","ping_status":"open","template":"","meta":{"footnotes":""},"class_list":["post-2","page","type-page","status-publish","hentry"],"_links":{"self":[{"href":"https:\/\/oszd.edu.ba\/index.php\/wp-json\/wp\/v2\/pages\/2","targetHints":{"allow":["GET"]}}],"collection":[{"href":"https:\/\/oszd.edu.ba\/index.php\/wp-json\/wp\/v2\/pages"}],"about":[{"href":"https:\/\/oszd.edu.ba\/index.php\/wp-json\/wp\/v2\/types\/page"}],"author":[{"embeddable":true,"href":"https:\/\/oszd.edu.ba\/index.php\/wp-json\/wp\/v2\/users\/1"}],"replies":[{"embeddable":true,"href":"https:\/\/oszd.edu.ba\/index.php\/wp-json\/wp\/v2\/comments?post=2"}],"version-history":[{"count":3,"href":"https:\/\/oszd.edu.ba\/index.php\/wp-json\/wp\/v2\/pages\/2\/revisions"}],"predecessor-version":[{"id":814,"href":"https:\/\/oszd.edu.ba\/index.php\/wp-json\/wp\/v2\/pages\/2\/revisions\/814"}],"wp:attachment":[{"href":"https:\/\/oszd.edu.ba\/index.php\/wp-json\/wp\/v2\/media?parent=2"}],"curies":[{"name":"wp","href":"https:\/\/api.w.org\/{rel}","templated":true}]}}