{"id":488,"date":"2025-03-04T21:45:05","date_gmt":"2025-03-04T21:45:05","guid":{"rendered":"http:\/\/localhost\/oszd.edu.ba\/?page_id=488"},"modified":"2025-03-04T21:45:05","modified_gmt":"2025-03-04T21:45:05","slug":"skola","status":"publish","type":"page","link":"https:\/\/oszd.edu.ba\/index.php\/skola\/","title":{"rendered":"\u0160kola"},"content":{"rendered":"\n<h1 class=\"wp-block-heading\">Osnovni podaci o \u0161koli<\/h1>\n\n\n\n<p>Naziv: Javna ustanova Osnovna \u0161kola \u201eZajko Deli\u0107\u201c Vogo\u0161\u0107a<\/p>\n\n\n\n<p>Adresa: 71320 Vogo\u0161\u0107a \u2013 Kobilja Glava, ulica Kenana Brkani\u0107a 2<\/p>\n\n\n\n<p><a href=\"http:\/\/www.oszd.edu.ba\/\">http:\/\/www.oszd.edu.ba<\/a><\/p>\n\n\n\n<p>E-mail:&nbsp;<a href=\"mailto:oszd@oszd.edu.ba\">oszd@oszd.edu.ba<\/a><\/p>\n\n\n\n<p>Telefon: 00387 33 426830<\/p>\n\n\n\n<p>Telefax: 00387 33 485409<\/p>\n\n\n\n<p>IDN: 4200236510003<\/p>\n\n\n\n<p>Ra\u010dun Bud\u017eeta Kantona Sarajevo \u2013 Javni prihodi : 3380 0022 1001 9263<\/p>\n\n\n\n<p>Bud\u017eetska organizacija: 2102041<\/p>\n\n\n\n<p>Mogu\u0107e vrste prihoda:<\/p>\n\n\n\n<p>722631 \u2013 Prihodi od pru\u017eanja usluga drugima (vlastiti prihodi)<\/p>\n\n\n\n<p>732122 \u2013 primljene namjenske donacije neplanirane u Bud\u017eetu Kantona Sarajevo (teku\u0107a potpora od fizi\u010dkih i pravnih lica)<\/p>\n\n\n\n<ul class=\"wp-block-list\">\n<li>731111 \u2013 teku\u0107a potpora iz inostranstva<\/li>\n\n\n\n<li>732111 \u2013 teku\u0107a potpora od dr\u017eave BiH<\/li>\n\n\n\n<li>732112 \u2013 teku\u0107a potpora od Federacije BiH<\/li>\n\n\n\n<li>732114 \u2013 teku\u0107a potpora od Kantona<\/li>\n\n\n\n<li>732116 \u2013 teku\u0107a potpora od op\u0107ina<\/li>\n\n\n\n<li>732117 \u2013 teku\u0107a potpora od mjesnih zajednica<\/li>\n<\/ul>\n\n\n\n<p>\u0160kola je upisana u registar Ministarstva obrazovanja i nauke Kantona Sarajevo pod brojem: 49<\/p>\n","protected":false},"excerpt":{"rendered":"<p>Osnovni podaci o \u0161koli Naziv: Javna ustanova Osnovna \u0161kola \u201eZajko Deli\u0107\u201c Vogo\u0161\u0107a Adresa: 71320 Vogo\u0161\u0107a \u2013 Kobilja Glava, ulica Kenana Brkani\u0107a 2 http:\/\/www.oszd.edu.ba E-mail:&nbsp;oszd@oszd.edu.ba Telefon: 00387 33 426830 Telefax: 00387 33 485409 IDN: 4200236510003 Ra\u010dun Bud\u017eeta Kantona Sarajevo \u2013 Javni prihodi : 3380 0022 1001 9263 Bud\u017eetska organizacija: 2102041 Mogu\u0107e vrste prihoda: 722631 \u2013 Prihodi&#8230;<\/p>\n","protected":false},"author":1,"featured_media":0,"parent":0,"menu_order":0,"comment_status":"closed","ping_status":"closed","template":"","meta":{"footnotes":""},"class_list":["post-488","page","type-page","status-publish","hentry"],"_links":{"self":[{"href":"https:\/\/oszd.edu.ba\/index.php\/wp-json\/wp\/v2\/pages\/488","targetHints":{"allow":["GET"]}}],"collection":[{"href":"https:\/\/oszd.edu.ba\/index.php\/wp-json\/wp\/v2\/pages"}],"about":[{"href":"https:\/\/oszd.edu.ba\/index.php\/wp-json\/wp\/v2\/types\/page"}],"author":[{"embeddable":true,"href":"https:\/\/oszd.edu.ba\/index.php\/wp-json\/wp\/v2\/users\/1"}],"replies":[{"embeddable":true,"href":"https:\/\/oszd.edu.ba\/index.php\/wp-json\/wp\/v2\/comments?post=488"}],"version-history":[{"count":1,"href":"https:\/\/oszd.edu.ba\/index.php\/wp-json\/wp\/v2\/pages\/488\/revisions"}],"predecessor-version":[{"id":489,"href":"https:\/\/oszd.edu.ba\/index.php\/wp-json\/wp\/v2\/pages\/488\/revisions\/489"}],"wp:attachment":[{"href":"https:\/\/oszd.edu.ba\/index.php\/wp-json\/wp\/v2\/media?parent=488"}],"curies":[{"name":"wp","href":"https:\/\/api.w.org\/{rel}","templated":true}]}}