{"id":490,"date":"2025-03-04T21:47:11","date_gmt":"2025-03-04T21:47:11","guid":{"rendered":"http:\/\/localhost\/oszd.edu.ba\/?page_id=490"},"modified":"2026-03-19T11:04:50","modified_gmt":"2026-03-19T11:04:50","slug":"zakonska-legislativa","status":"publish","type":"page","link":"https:\/\/oszd.edu.ba\/index.php\/zakonska-legislativa\/","title":{"rendered":"Zakonska legislativa"},"content":{"rendered":"\n<h1 class=\"wp-block-heading\"><\/h1>\n\n\n\n<p>Sve aktivnosti u \u0161koli potpuno su reguliasane zakonskom legislativom za ovakvu vrstu rada.<\/p>\n\n\n\n<p>Osnovni dokumenti legislative su:<\/p>\n\n\n\n<div class=\"wp-block-file\"><a id=\"wp-block-file--media-d8915936-b90e-4552-be2f-121974a10c7d\" href=\"https:\/\/oszd.edu.ba\/wp-content\/uploads\/2026\/03\/PRAVILNIK-O-VODJENJU-EVIDENCIJE-O-NEPRIHVATLJIVIM-OBLICIMA-PONASANJA-I_ILI-DRUGIM-FAKTORIMA-KOJI-MOGU-UGROZITI-NAJBOLJI-INTERES-UCENIKA-I-ZASTITI-UC-1.pdf\">Pravilnik o vo\u0111enju evidencije o neprihvatljivim oblicima pona\u0161anja i\/ili drugim faktorima koji mogu ugroziti najbolji interes u\u010denika i za\u0161titi u\u010denika<\/a><a href=\"https:\/\/oszd.edu.ba\/wp-content\/uploads\/2026\/03\/PRAVILNIK-O-VODJENJU-EVIDENCIJE-O-NEPRIHVATLJIVIM-OBLICIMA-PONASANJA-I_ILI-DRUGIM-FAKTORIMA-KOJI-MOGU-UGROZITI-NAJBOLJI-INTERES-UCENIKA-I-ZASTITI-UC-1.pdf\" class=\"wp-block-file__button wp-element-button\" download aria-describedby=\"wp-block-file--media-d8915936-b90e-4552-be2f-121974a10c7d\">Download<\/a><\/div>\n\n\n\n<div class=\"wp-block-file\"><a id=\"wp-block-file--media-08af7de2-1549-4464-a0c8-32e917aa3996\" href=\"https:\/\/oszd.edu.ba\/wp-content\/uploads\/2026\/03\/PRAVILNIK-O-IZMJENAMA-I-DOPUNAMA-PRAVILNIKA-O-IZRICANJU-ODGOJNO-DISCIPLINSKIH-MJERA-U-OSNOVNIM-I-SREDNJIM-SKOLAMA-Sl.-novine-KS-15_25.pdf\">Pravilnik o  izmjenama i dopunama pravilnika o izricanju odgojno-disciplinskih mjera u osnovnim i srednjim \u0161kolama &#8211; Slu\u017ebene novine KS 15.25<\/a><a href=\"https:\/\/oszd.edu.ba\/wp-content\/uploads\/2026\/03\/PRAVILNIK-O-IZMJENAMA-I-DOPUNAMA-PRAVILNIKA-O-IZRICANJU-ODGOJNO-DISCIPLINSKIH-MJERA-U-OSNOVNIM-I-SREDNJIM-SKOLAMA-Sl.-novine-KS-15_25.pdf\" class=\"wp-block-file__button wp-element-button\" download aria-describedby=\"wp-block-file--media-08af7de2-1549-4464-a0c8-32e917aa3996\">Download<\/a><\/div>\n\n\n\n<div class=\"wp-block-file\"><a id=\"wp-block-file--media-b84d0ac4-c480-4b56-8f30-d791a526f6d2\" href=\"https:\/\/oszd.edu.ba\/wp-content\/uploads\/2026\/03\/PRAVILNIK-O-IZRICANJU-ODGOJNO-DISCIPLINSKIH-MJERA-U-OSNOVNIM-I-SREDNJIM-SKOLAMA-Sluzbene-novine-KS-br.-33_24.pdf\">Pravilnik o izricanju odgojno-disciplinskih mjera u osnovnim i srednjim \u0161kolama &#8211; Sluzbene novine KS 33.24<\/a><a href=\"https:\/\/oszd.edu.ba\/wp-content\/uploads\/2026\/03\/PRAVILNIK-O-IZRICANJU-ODGOJNO-DISCIPLINSKIH-MJERA-U-OSNOVNIM-I-SREDNJIM-SKOLAMA-Sluzbene-novine-KS-br.-33_24.pdf\" class=\"wp-block-file__button wp-element-button\" download aria-describedby=\"wp-block-file--media-b84d0ac4-c480-4b56-8f30-d791a526f6d2\">Download<\/a><\/div>\n\n\n\n<div class=\"wp-block-file\"><a id=\"wp-block-file--media-7e4f30c5-3377-404a-a83e-b270042b59ba\" href=\"https:\/\/oszd.edu.ba\/wp-content\/uploads\/2026\/03\/Pravilnik-o-inkluzivnom-obrazovanju-3725.pdf\">Pravilnik o inkluzivnom obrazovanju &#8211; Slu\u017ebene novine KS 37.25<\/a><a href=\"https:\/\/oszd.edu.ba\/wp-content\/uploads\/2026\/03\/Pravilnik-o-inkluzivnom-obrazovanju-3725.pdf\" class=\"wp-block-file__button wp-element-button\" download aria-describedby=\"wp-block-file--media-7e4f30c5-3377-404a-a83e-b270042b59ba\">Download<\/a><\/div>\n\n\n\n<div class=\"wp-block-file\"><a id=\"wp-block-file--media-5b00cde7-2c27-4cc3-84b0-ee5009ccc943\" href=\"https:\/\/oszd.edu.ba\/wp-content\/uploads\/2026\/03\/PRAVILNIK-O-IZMJENAMA-I-DOPUNAMA-PRAVILNIKA-O-REALIZACIJI-SKOLE-U-PRIRODI-IZLETA.-Sluzbene-novine-KS-10_25.pdf\">Pravilnik o izmjenama i dopunama pravilnika o realizaciji \u0161kole u prirodi, izleta, studijskih posjeta, ekskurzija, kampovanja\/logorovanja, dru\u0161tveno-korisnog u\u010denja i drugih oblika odgojno-obrazovnog rada u osnovnoj i srednjoj \u0161koli &#8211; Slu\u017ebene novine KS 10.25<\/a><a href=\"https:\/\/oszd.edu.ba\/wp-content\/uploads\/2026\/03\/PRAVILNIK-O-IZMJENAMA-I-DOPUNAMA-PRAVILNIKA-O-REALIZACIJI-SKOLE-U-PRIRODI-IZLETA.-Sluzbene-novine-KS-10_25.pdf\" class=\"wp-block-file__button wp-element-button\" download aria-describedby=\"wp-block-file--media-5b00cde7-2c27-4cc3-84b0-ee5009ccc943\">Download<\/a><\/div>\n\n\n\n<div class=\"wp-block-file\"><a id=\"wp-block-file--media-10c2e66b-9eb6-4fd2-b25a-7cd07f930013\" href=\"https:\/\/oszd.edu.ba\/wp-content\/uploads\/2026\/03\/PRAVILNIK-SKOLA-U-PRIRODI-IZLETI-EKSKURZIJE-I-DR.-U-OSNOVNOJ-I-SREDNJOJ-SKOLI-Sl.-novine-KS-34_24.pdf\">Pravilnik o realizaciji \u0161kole u prirodi, izleta, studijskih posjeta, ekskurzija, kampovanja\/logorovanja, dru\u0161tveno-korisnog u\u010denja i drugih oblika odgojno-obrazovnog rada u osnovnoj i srednjoj \u0161koli &#8211; Slu\u017ebene novine KS 34.24<\/a><a href=\"https:\/\/oszd.edu.ba\/wp-content\/uploads\/2026\/03\/PRAVILNIK-SKOLA-U-PRIRODI-IZLETI-EKSKURZIJE-I-DR.-U-OSNOVNOJ-I-SREDNJOJ-SKOLI-Sl.-novine-KS-34_24.pdf\" class=\"wp-block-file__button wp-element-button\" download aria-describedby=\"wp-block-file--media-10c2e66b-9eb6-4fd2-b25a-7cd07f930013\">Download<\/a><\/div>\n\n\n\n<p> Pravila \u0161kolske ishrane 2024    <a href=\"https:\/\/oszd.edu.ba\/wp-content\/uploads\/2025\/03\/Pravila-skolske-ishrane-juni-2024.pdf\" class=\"wp-block-file__button wp-element-button\" download=\"\" aria-describedby=\"wp-block-file--media-d7cda82a-a399-40f4-850e-1ba9f1ec3a95\">Download<\/a><\/p>\n\n\n\n<p>Pravilnik o ku\u0107nom redu dec 2023&nbsp; <a href=\"https:\/\/oszd.edu.ba\/wp-content\/uploads\/2025\/03\/Pravilnik-o-kucnom-redu-dec-2023.pdf\" target=\"_blank\" class=\"wp-block-file__button wp-element-button\" download=\"\" aria-describedby=\"wp-block-file--media-6b4c10b0-d149-4c36-b649-2b177f8f2600\">Download<\/a><\/p>\n\n\n\n<p>Pravilnik o komunikaciji roditelja i uposlenika O\u0160 \u201cZajko Deli\u0107\u201d    <a href=\"https:\/\/oszd.edu.ba\/wp-content\/uploads\/2025\/03\/Protokol-o-komunikaciji-roditelja-i-uposlenika-OS-Zajko-Delic.pdf\" target=\"_blank\" class=\"wp-block-file__button wp-element-button\" download=\"\" aria-describedby=\"wp-block-file--media-a3aa14bc-cd0d-4c1b-8ad1-efbb86b79441\">Download<\/a><\/p>\n\n\n\n<p>Pravilnik o vo\u0111enju pedago\u0161ke dokumentacije 46-2018     <a href=\"https:\/\/oszd.edu.ba\/wp-content\/uploads\/2025\/03\/Pravilnik-o-vodenju-pedagoske-dokumentacije-46-2018.pdf\" target=\"_blank\" class=\"wp-block-file__button wp-element-button\" download=\"\" aria-describedby=\"wp-block-file--media-a54ddbb4-40fc-4b6b-a0e1-0590bf8bb187\">Download<\/a><\/p>\n\n\n\n<p>Pravilnik o radu produ\u017eenog boravka Oktobar 2018    <a href=\"https:\/\/oszd.edu.ba\/wp-content\/uploads\/2025\/03\/Pravilnik-o-radu-produzenog-boravka-oktobar-2018.pdf\" target=\"_blank\" class=\"wp-block-file__button wp-element-button\" download=\"\" aria-describedby=\"wp-block-file--media-5a9e5e20-6b8c-4f1d-91f6-cfc6b52beb8e\">Download<\/a><\/p>\n\n\n\n<p>Pravilnik o radu PRVA STRANICA       <a href=\"https:\/\/oszd.edu.ba\/wp-content\/uploads\/2025\/03\/Pravilnik-o-radu-prva-stranica.pdf\" target=\"_blank\" class=\"wp-block-file__button wp-element-button\" download=\"\" aria-describedby=\"wp-block-file--media-25efe155-773c-49d9-aa5d-db8e96eb044e\">Download<\/a><\/p>\n\n\n\n<p>Pravilnik o radu ZADNJA STRANICA      <a href=\"https:\/\/oszd.edu.ba\/wp-content\/uploads\/2025\/03\/Pravilnik-o-radu-zadnja-stranica.pdf\" target=\"_blank\" class=\"wp-block-file__button wp-element-button\" download=\"\" aria-describedby=\"wp-block-file--media-5a1d0406-392d-4bf5-814f-fd8a178128eb\">Download<\/a><\/p>\n\n\n\n<p>Plan integriteta i dopune feb. 2023    <a href=\"https:\/\/oszd.edu.ba\/wp-content\/uploads\/2025\/03\/Plan-integriteta-izmjene-i-dopune-feb-2023.pdf\" target=\"_blank\" class=\"wp-block-file__button wp-element-button\" download=\"\" aria-describedby=\"wp-block-file--media-8511882d-091b-4dc4-98c1-2fe69e3313e2\">Download<\/a><\/p>\n\n\n\n<p>Slu\u017ebene novine br-23-15-06-2017 Zakon OO      <a href=\"https:\/\/oszd.edu.ba\/wp-content\/uploads\/2025\/03\/Sluzbene-novine-br-23-15-06-2017-Zakon-OO.pdf\" target=\"_blank\" class=\"wp-block-file__button wp-element-button\" download=\"\" aria-describedby=\"wp-block-file--media-88df9faa-2096-4120-bb26-c05b48b29918\">Download<\/a><\/p>\n\n\n\n<p>Kolektivni ugovor Sl.novine 24_22 16.06.2022        <a href=\"https:\/\/oszd.edu.ba\/wp-content\/uploads\/2025\/03\/Kolektivni-ugovor-Sl.-novine-24_22-16.6.2022.pdf\" target=\"_blank\" class=\"wp-block-file__button wp-element-button\" download=\"\" aria-describedby=\"wp-block-file--media-4840818c-d0b2-4ce3-b00c-8a840fb0f0a6\">Download<\/a><\/p>\n\n\n\n<p>Izmjena i dopune Pravilnika o pedago\u0161koj i Metodologija za izradu GPRS 30.01.2020       <a href=\"https:\/\/oszd.edu.ba\/wp-content\/uploads\/2025\/03\/Izmjene-i-dopune-Pravilnika-o-pedagoskoj-i-Metodologija-za-izradu-GPRS-30.01.2020.pdf\" target=\"_blank\" class=\"wp-block-file__button wp-element-button\" download=\"\" aria-describedby=\"wp-block-file--media-17ebf1f3-4e77-4cf6-81ed-ba6bec44e340\">Download<\/a><\/p>\n\n\n\n<p>Odluka o izmjeni PS Sl.novine 2022 0d 19.05.2022      <a href=\"https:\/\/oszd.edu.ba\/wp-content\/uploads\/2025\/03\/Odluka-o-izmjeni-PS-Sl.-novine-20_22-od-19.5.2022.pdf\" target=\"_blank\" class=\"wp-block-file__button wp-element-button\" download=\"\" aria-describedby=\"wp-block-file--media-355fc511-c016-4c9f-89e1-3821d9d5afd3\">Download<\/a><\/p>\n\n\n\n<p>Pedago\u0161ki standardi 2018      <a href=\"https:\/\/oszd.edu.ba\/wp-content\/uploads\/2025\/03\/pedagoski-standardi-2018.pdf\" target=\"_blank\" class=\"wp-block-file__button wp-element-button\" download=\"\" aria-describedby=\"wp-block-file--media-63dfc884-493a-47e0-b056-7604aef8ef7a\">Download<\/a><\/p>\n\n\n\n<p>Okvirni zakon o osnovnom i srednjem obrazovanju u BiH&nbsp;     <a href=\"https:\/\/oszd.edu.ba\/wp-content\/uploads\/2025\/03\/Okvirni-zakon-BIH.pdf\" target=\"_blank\" class=\"wp-block-file__button wp-element-button\" download=\"\" aria-describedby=\"wp-block-file--media-e2b160da-2420-4c22-9028-ea60c9005a89\">Download<\/a><\/p>\n\n\n\n<p>Zaokon o osnovnom odgoju i obrazovanju&nbsp;     <a href=\"https:\/\/oszd.edu.ba\/wp-content\/uploads\/2025\/03\/ZAKON-o-osnovnom-odgoju-i-obrazovanju.pdf\" target=\"_blank\" class=\"wp-block-file__button wp-element-button\" download=\"\" aria-describedby=\"wp-block-file--media-90601488-0516-4a80-b00b-f5a294cff8a9\">Download<\/a><\/p>\n\n\n\n<p>Pedago\u0161ki standardi i op\u0107i normativi za osnovni odgoj i obrazovanje i normativi radnog prostora, opreme, nastavnih sredstava i u\u010dila po predmetima za osnovnu \u0161kolu&nbsp;        <a href=\"https:\/\/oszd.edu.ba\/wp-content\/uploads\/2025\/03\/Pedagoski_Standardi_i_normativi_osnovne_skole_najnoviji.pdf\" target=\"_blank\" class=\"wp-block-file__button wp-element-button\" download=\"\" aria-describedby=\"wp-block-file--media-afe5fe1a-63c7-446e-8e9a-ae79fbe05a90\">Download<\/a><\/p>\n\n\n\n<p>Pravilnik o sadr\u017eaju i na\u010dinu vo\u0111enja pedago\u0161ke dokmentacije i evidencije u osnovnoj \u0161koli&nbsp;        <a href=\"https:\/\/oszd.edu.ba\/wp-content\/uploads\/2025\/03\/Pravilnik-o-sadrzaju-i-nacinu-vodjenja-pedagoske-dokumentacije-i-evidencije.pdf\" target=\"_blank\" class=\"wp-block-file__button wp-element-button\" download=\"\" aria-describedby=\"wp-block-file--media-b52208a5-f3b1-463d-9ad9-02c0d0d7f9c8\">Download<\/a><\/p>\n\n\n\n<p>Kolektivni ugovor o radu&nbsp;        <a href=\"https:\/\/oszd.edu.ba\/wp-content\/uploads\/2025\/03\/Kolektivni_ugovor.pdf\" target=\"_blank\" class=\"wp-block-file__button wp-element-button\" download=\"\" aria-describedby=\"wp-block-file--media-aaeb2ed7-02f9-4643-82f1-14566bfb8e91\">Download<\/a><\/p>\n\n\n\n<p>Pravilnik o kriterijima za iskazivanje prestanka potreba za zaposlenicima koji su djelomi\u010dno ili potpuno ostali bez radnih zadataka i postupak popune upra\u017enjenih radnih mjesta u osnovnim i srednjim \u0161kolama kao javnim ustanovama na podru\u010dju Kantona Sarajevo&nbsp;        <a href=\"https:\/\/oszd.edu.ba\/wp-content\/uploads\/2025\/03\/PRAVILNIK-sa-kriterijima-za-iskazivanje-prestanka-potrebe-za-zaposlenicima-potpisan-11-12-2009.pdf\" target=\"_blank\" class=\"wp-block-file__button wp-element-button\" download=\"\" aria-describedby=\"wp-block-file--media-a9908ee0-113c-46be-85a0-45ff42e409b5\">Download<\/a><\/p>\n\n\n\n<p>Pravilnik o stru\u010dnom usavr\u0161avanju odgajatelja, profesora\/nastavnika i stru\u010dnih saradnika u pred\u0161kolskim ustanovama, osnovnim, srednjim \u0161kolama i domovima u\u010denika&nbsp;<a href=\"https:\/\/oszd.edu.ba\/wp-content\/uploads\/2025\/03\/pravilnik_o_strucnom_usavrsavanju_odgajatelja_profesora_nastavnika_i_strucnih_saradnika_u_predskolskim_ustanovama_osnovnim_srednjim_skolama_i_domovima_ucenika_sn_ks_19_04.pdf\" class=\"wp-block-file__button wp-element-button\" download=\"\" aria-describedby=\"wp-block-file--media-eabfd939-8eb0-494f-8196-fe3067b3a030\">Download<\/a><\/p>\n\n\n\n<p>Pravilnik o ocjenjivanju, napredovanju i sticanju stru\u010dnih zvanja nastsvnika 19-04   <a href=\"https:\/\/oszd.edu.ba\/wp-content\/uploads\/2025\/03\/Pravilnik-o-ocjenjivanju-napredovanju-i-sticanju-strucnih-zvanja-nastsvnika-19-04.pdf\" class=\"wp-block-file__button wp-element-button\" download=\"\" aria-describedby=\"wp-block-file--media-97a416aa-ea29-468e-a551-92c552ae11b7\">Download<\/a>      <\/p>\n\n\n\n<p>Pravilnik o polaganju stru\u010dnog ispita odgajatelja, nastavnika i stru\u010dnih saradnika&nbsp;                \n <a href=\"https:\/\/oszd.edu.ba\/wp-content\/uploads\/2025\/03\/Pravilnik-o-polaganju-SI.pdf\" target=\"_blank\" class=\"wp-block-file__button wp-element-button\" download=\"\" aria-describedby=\"wp-block-file--media-177405b3-54d6-4042-9be7-0298a7a7f5e4\">Download<\/a><\/p>\n\n\n\n<p>Pravilnik o pra\u0107enju, vrednovanju i ocjenjivanju u\u010denika osnovnih i srednjih \u0161kola Kantona Sarajevo&nbsp;<a href=\"https:\/\/oszd.edu.ba\/wp-content\/uploads\/2025\/03\/Pravilnik-o-ocjenjivanju-ucenika-1.pdf\" target=\"_blank\" class=\"wp-block-file__button wp-element-button\" download=\"\" aria-describedby=\"wp-block-file--media-17ee4ad4-c50d-4a8e-b093-f8524f6cbdd6\">Download<\/a><\/p>\n\n\n\n<p>Pravila \u0161kole&nbsp;        <a href=\"https:\/\/oszd.edu.ba\/wp-content\/uploads\/2025\/03\/PRAVILA-SKOLE-2015.pdf\" target=\"_blank\" class=\"wp-block-file__button wp-element-button\" download=\"\" aria-describedby=\"wp-block-file--media-5b51d0bf-1f00-499f-ad10-37c2d4592ec6\">Download<\/a><\/p>\n\n\n\n<p>Pravilnik o ku\u0107nom redu&nbsp;\u0161kole&nbsp;      <a href=\"https:\/\/oszd.edu.ba\/wp-content\/uploads\/2025\/03\/Pravilnik-o-kucnom-redu-dec-2023-1.pdf\" target=\"_blank\" class=\"wp-block-file__button wp-element-button\" download=\"\" aria-describedby=\"wp-block-file--media-7a33b4fc-c4a2-4dbe-9e68-2909f6df81aa\">Download<\/a><\/p>\n\n\n\n<p>Pravilnik o radu \u0161kole Novembar 2020.g.&nbsp;       <a href=\"https:\/\/oszd.edu.ba\/wp-content\/uploads\/2025\/03\/pravilnik-o-radu-2020.pdf\" target=\"_blank\" class=\"wp-block-file__button wp-element-button\" download=\"\" aria-describedby=\"wp-block-file--media-61ba7e2f-a661-4adb-9580-002b1beb2e6e\">Download<\/a><\/p>\n\n\n\n<p>Pravilnik&nbsp; o izmjenama i dopunama o radu JU O\u0160 \u201cZajko Deli\u0107\u201d<a href=\"https:\/\/oszd.edu.ba\/wp-content\/uploads\/2025\/03\/Pravilnik-o-izmjenema-i-dopunama-Pravilnika-o-radu-koeficijenti-okt-2024.pdf\" class=\"wp-block-file__button wp-element-button\" download=\"\" aria-describedby=\"wp-block-file--media-8b536abc-2e0c-4519-9bf3-035b3a5695c3\">Download<\/a><\/p>\n\n\n\n<p>Ustav Kantona Sarajevo&nbsp;       <a href=\"https:\/\/oszd.edu.ba\/wp-content\/uploads\/2025\/03\/Ustav_Kantona_Sarajevo.pdf\" target=\"_blank\" class=\"wp-block-file__button wp-element-button\" download=\"\" aria-describedby=\"wp-block-file--media-5833b603-8fcd-4ca7-92ea-c3c794b001a5\">Download<\/a><br>Svi navedeni dokumenti su obimni za ovakve prezentacije pa su dati u pdf formatu.<\/p>\n","protected":false},"excerpt":{"rendered":"<p>Sve aktivnosti u \u0161koli potpuno su reguliasane zakonskom legislativom za ovakvu vrstu rada. Osnovni dokumenti legislative su: Pravila \u0161kolske ishrane 2024 Download Pravilnik o ku\u0107nom redu dec 2023&nbsp; Download Pravilnik o komunikaciji roditelja i uposlenika O\u0160 \u201cZajko Deli\u0107\u201d Download Pravilnik o vo\u0111enju pedago\u0161ke dokumentacije 46-2018 Download Pravilnik o radu produ\u017eenog boravka Oktobar 2018 Download Pravilnik&#8230;<\/p>\n","protected":false},"author":1,"featured_media":0,"parent":0,"menu_order":0,"comment_status":"closed","ping_status":"closed","template":"","meta":{"footnotes":""},"class_list":["post-490","page","type-page","status-publish","hentry"],"_links":{"self":[{"href":"https:\/\/oszd.edu.ba\/index.php\/wp-json\/wp\/v2\/pages\/490","targetHints":{"allow":["GET"]}}],"collection":[{"href":"https:\/\/oszd.edu.ba\/index.php\/wp-json\/wp\/v2\/pages"}],"about":[{"href":"https:\/\/oszd.edu.ba\/index.php\/wp-json\/wp\/v2\/types\/page"}],"author":[{"embeddable":true,"href":"https:\/\/oszd.edu.ba\/index.php\/wp-json\/wp\/v2\/users\/1"}],"replies":[{"embeddable":true,"href":"https:\/\/oszd.edu.ba\/index.php\/wp-json\/wp\/v2\/comments?post=490"}],"version-history":[{"count":25,"href":"https:\/\/oszd.edu.ba\/index.php\/wp-json\/wp\/v2\/pages\/490\/revisions"}],"predecessor-version":[{"id":1527,"href":"https:\/\/oszd.edu.ba\/index.php\/wp-json\/wp\/v2\/pages\/490\/revisions\/1527"}],"wp:attachment":[{"href":"https:\/\/oszd.edu.ba\/index.php\/wp-json\/wp\/v2\/media?parent=490"}],"curies":[{"name":"wp","href":"https:\/\/api.w.org\/{rel}","templated":true}]}}