{"id":493,"date":"2025-03-04T21:53:26","date_gmt":"2025-03-04T21:53:26","guid":{"rendered":"http:\/\/localhost\/oszd.edu.ba\/?page_id=493"},"modified":"2025-12-03T22:41:10","modified_gmt":"2025-12-03T22:41:10","slug":"javne-nabavke","status":"publish","type":"page","link":"https:\/\/oszd.edu.ba\/index.php\/javne-nabavke\/","title":{"rendered":"JAVNE NABAVKE"},"content":{"rendered":"\n<div data-wp-interactive=\"core\/file\" class=\"wp-block-file\"><object data-wp-bind--hidden=\"!state.hasPdfPreview\" hidden class=\"wp-block-file__embed\" data=\"https:\/\/oszd.edu.ba\/wp-content\/uploads\/2025\/12\/Pravilnik-o-javnim-nabavkama_compressed-1_organized.pdf\" type=\"application\/pdf\" style=\"width:100%;height:660px\" aria-label=\"Embed of Pravilnik o javnim nabavkama_roba, usluga i radova JU O\u0160 &quot;Zajko Deli\u0107&quot; Vogo\u0161\u0107a.\"><\/object><a id=\"wp-block-file--media-d42d0036-7b5d-4f4a-99be-90148b064f92\" href=\"https:\/\/oszd.edu.ba\/wp-content\/uploads\/2025\/12\/Pravilnik-o-javnim-nabavkama_compressed-1_organized.pdf\">Pravilnik o javnim nabavkama_roba, usluga i radova JU O\u0160 &#8220;Zajko Deli\u0107&#8221; Vogo\u0161\u0107a<\/a><a href=\"https:\/\/oszd.edu.ba\/wp-content\/uploads\/2025\/12\/Pravilnik-o-javnim-nabavkama_compressed-1_organized.pdf\" class=\"wp-block-file__button wp-element-button\" download aria-describedby=\"wp-block-file--media-d42d0036-7b5d-4f4a-99be-90148b064f92\">Download<\/a><\/div>\n\n\n\n<div class=\"wp-block-group\"><div class=\"wp-block-group__inner-container is-layout-constrained wp-block-group-is-layout-constrained\">\n<p><iframe loading=\"lazy\" src=\"https:\/\/www.anticorrupiks.com\/regcom\/registar-javnih-nabavki\/pretraga\/34\" width=\"770px\" height=\"670px\"><\/iframe><\/p>\n<\/div><\/div>\n","protected":false},"excerpt":{"rendered":"","protected":false},"author":1,"featured_media":0,"parent":0,"menu_order":0,"comment_status":"closed","ping_status":"closed","template":"","meta":{"footnotes":""},"class_list":["post-493","page","type-page","status-publish","hentry"],"_links":{"self":[{"href":"https:\/\/oszd.edu.ba\/index.php\/wp-json\/wp\/v2\/pages\/493","targetHints":{"allow":["GET"]}}],"collection":[{"href":"https:\/\/oszd.edu.ba\/index.php\/wp-json\/wp\/v2\/pages"}],"about":[{"href":"https:\/\/oszd.edu.ba\/index.php\/wp-json\/wp\/v2\/types\/page"}],"author":[{"embeddable":true,"href":"https:\/\/oszd.edu.ba\/index.php\/wp-json\/wp\/v2\/users\/1"}],"replies":[{"embeddable":true,"href":"https:\/\/oszd.edu.ba\/index.php\/wp-json\/wp\/v2\/comments?post=493"}],"version-history":[{"count":13,"href":"https:\/\/oszd.edu.ba\/index.php\/wp-json\/wp\/v2\/pages\/493\/revisions"}],"predecessor-version":[{"id":1311,"href":"https:\/\/oszd.edu.ba\/index.php\/wp-json\/wp\/v2\/pages\/493\/revisions\/1311"}],"wp:attachment":[{"href":"https:\/\/oszd.edu.ba\/index.php\/wp-json\/wp\/v2\/media?parent=493"}],"curies":[{"name":"wp","href":"https:\/\/api.w.org\/{rel}","templated":true}]}}