{"id":586,"date":"2025-03-05T15:40:31","date_gmt":"2025-03-05T15:40:31","guid":{"rendered":"http:\/\/localhost\/oszd.edu.ba\/?page_id=586"},"modified":"2025-03-05T15:40:31","modified_gmt":"2025-03-05T15:40:31","slug":"rad-citaonice","status":"publish","type":"page","link":"https:\/\/oszd.edu.ba\/index.php\/rad-citaonice\/","title":{"rendered":"Rad \u010ditaonice"},"content":{"rendered":"\n<p>Konsultacije s u\u010denicima nastavnici \u0107e obavljati prema potrebi i dogovoru.<\/p>\n\n\n\n<p>Raspored rada \u010ditaonice<\/p>\n\n\n\n<p>U\u010denici I-V razreda:<\/p>\n\n\n\n<p>ponedjeljak od 10,30 do 14,30 sati<\/p>\n\n\n\n<p>utorak od 10,30 do 14,30 sati<\/p>\n\n\n\n<p>&nbsp; &nbsp; &nbsp; &nbsp; &nbsp; &nbsp; &nbsp; &nbsp; &nbsp; &nbsp; &nbsp; &nbsp; &nbsp; &nbsp; U\u010denici VI-IX razreda:<\/p>\n\n\n\n<p>&nbsp; &nbsp; &nbsp; &nbsp; &nbsp; &nbsp; &nbsp; &nbsp; &nbsp; &nbsp; &nbsp; &nbsp; &nbsp; &nbsp; &nbsp; &nbsp; srijeda od 11,30 do15,00<\/p>\n\n\n\n<p>&nbsp; &nbsp; &nbsp; &nbsp; &nbsp; &nbsp; &nbsp; &nbsp; &nbsp; &nbsp; &nbsp; &nbsp; &nbsp; &nbsp; &nbsp; &nbsp; &nbsp; &nbsp; &nbsp;\u010detvrtak od 11,30 do 15,00<\/p>\n\n\n\n<figure class=\"wp-block-image\"><img decoding=\"async\" src=\"https:\/\/oszd.edu.ba\/wp-content\/themes\/oszd\/images\/simboli\/citalac.gif\" alt=\"\" title=\"\"\/><\/figure>\n","protected":false},"excerpt":{"rendered":"<p>Konsultacije s u\u010denicima nastavnici \u0107e obavljati prema potrebi i dogovoru. Raspored rada \u010ditaonice U\u010denici I-V razreda: ponedjeljak od 10,30 do 14,30 sati utorak od 10,30 do 14,30 sati &nbsp; &nbsp; &nbsp; &nbsp; &nbsp; &nbsp; &nbsp; &nbsp; &nbsp; &nbsp; &nbsp; &nbsp; &nbsp; &nbsp; U\u010denici VI-IX razreda: &nbsp; &nbsp; &nbsp; &nbsp; &nbsp; &nbsp; &nbsp; &nbsp; &nbsp; &nbsp;&#8230;<\/p>\n","protected":false},"author":1,"featured_media":0,"parent":0,"menu_order":0,"comment_status":"closed","ping_status":"closed","template":"","meta":{"footnotes":""},"class_list":["post-586","page","type-page","status-publish","hentry"],"_links":{"self":[{"href":"https:\/\/oszd.edu.ba\/index.php\/wp-json\/wp\/v2\/pages\/586","targetHints":{"allow":["GET"]}}],"collection":[{"href":"https:\/\/oszd.edu.ba\/index.php\/wp-json\/wp\/v2\/pages"}],"about":[{"href":"https:\/\/oszd.edu.ba\/index.php\/wp-json\/wp\/v2\/types\/page"}],"author":[{"embeddable":true,"href":"https:\/\/oszd.edu.ba\/index.php\/wp-json\/wp\/v2\/users\/1"}],"replies":[{"embeddable":true,"href":"https:\/\/oszd.edu.ba\/index.php\/wp-json\/wp\/v2\/comments?post=586"}],"version-history":[{"count":1,"href":"https:\/\/oszd.edu.ba\/index.php\/wp-json\/wp\/v2\/pages\/586\/revisions"}],"predecessor-version":[{"id":591,"href":"https:\/\/oszd.edu.ba\/index.php\/wp-json\/wp\/v2\/pages\/586\/revisions\/591"}],"wp:attachment":[{"href":"https:\/\/oszd.edu.ba\/index.php\/wp-json\/wp\/v2\/media?parent=586"}],"curies":[{"name":"wp","href":"https:\/\/api.w.org\/{rel}","templated":true}]}}