{"id":690,"date":"2025-03-06T18:57:36","date_gmt":"2025-03-06T18:57:36","guid":{"rendered":"http:\/\/localhost\/oszd.edu.ba\/?page_id=690"},"modified":"2025-03-07T08:25:55","modified_gmt":"2025-03-07T08:25:55","slug":"udzbenici","status":"publish","type":"page","link":"https:\/\/oszd.edu.ba\/index.php\/udzbenici\/","title":{"rendered":"Ud\u017ebenici"},"content":{"rendered":"\n<p>\u0160kolski ud\u017ebenik je obavezno nastavno sredstvo za u\u010denike\/u\u010denice i nastavnike\/nastavnice, a u ud\u017ebeniku su sadr\u017eaji nastavnog programa odre\u0111enog predmeta. Osim \u0161kolskog ud\u017ebenika, u\u010denici\/u\u010denice mogu koristiti zbirke zadataka, priru\u010dnike, radne sveske, stru\u010dnu literaturu i sl. U \u0161koli se mogu upotrebljavati samo ud\u017ebenici i druga nastavna sredstva koji su odobreni od Ministarstva obrazovanja i nauke.<\/p>\n\n\n\n<div data-wp-interactive=\"core\/file\" class=\"wp-block-file\"><object data-wp-bind--hidden=\"!state.hasPdfPreview\" hidden class=\"wp-block-file__embed\" data=\"https:\/\/oszd.edu.ba\/wp-content\/uploads\/2025\/03\/udzbenici-2020_-2021.pdf\" type=\"application\/pdf\" style=\"width:100%;height:600px\" aria-label=\"Embed of ud\u017ebenici-2020_-2021.\"><\/object><a id=\"wp-block-file--media-d4e9bcc0-b41c-4e0b-ab5b-78a5cc30dfdf\" href=\"https:\/\/oszd.edu.ba\/wp-content\/uploads\/2025\/03\/udzbenici-2020_-2021.pdf\">ud\u017ebenici-2020_-2021<\/a><a href=\"https:\/\/oszd.edu.ba\/wp-content\/uploads\/2025\/03\/udzbenici-2020_-2021.pdf\" class=\"wp-block-file__button wp-element-button\" download aria-describedby=\"wp-block-file--media-d4e9bcc0-b41c-4e0b-ab5b-78a5cc30dfdf\">Download<\/a><\/div>\n","protected":false},"excerpt":{"rendered":"<p>\u0160kolski ud\u017ebenik je obavezno nastavno sredstvo za u\u010denike\/u\u010denice i nastavnike\/nastavnice, a u ud\u017ebeniku su sadr\u017eaji nastavnog programa odre\u0111enog predmeta. Osim \u0161kolskog ud\u017ebenika, u\u010denici\/u\u010denice mogu koristiti zbirke zadataka, priru\u010dnike, radne sveske, stru\u010dnu literaturu i sl. U \u0161koli se mogu upotrebljavati samo ud\u017ebenici i druga nastavna sredstva koji su odobreni od Ministarstva obrazovanja i nauke.<\/p>\n","protected":false},"author":1,"featured_media":0,"parent":0,"menu_order":0,"comment_status":"closed","ping_status":"closed","template":"","meta":{"footnotes":""},"class_list":["post-690","page","type-page","status-publish","hentry"],"_links":{"self":[{"href":"https:\/\/oszd.edu.ba\/index.php\/wp-json\/wp\/v2\/pages\/690","targetHints":{"allow":["GET"]}}],"collection":[{"href":"https:\/\/oszd.edu.ba\/index.php\/wp-json\/wp\/v2\/pages"}],"about":[{"href":"https:\/\/oszd.edu.ba\/index.php\/wp-json\/wp\/v2\/types\/page"}],"author":[{"embeddable":true,"href":"https:\/\/oszd.edu.ba\/index.php\/wp-json\/wp\/v2\/users\/1"}],"replies":[{"embeddable":true,"href":"https:\/\/oszd.edu.ba\/index.php\/wp-json\/wp\/v2\/comments?post=690"}],"version-history":[{"count":9,"href":"https:\/\/oszd.edu.ba\/index.php\/wp-json\/wp\/v2\/pages\/690\/revisions"}],"predecessor-version":[{"id":745,"href":"https:\/\/oszd.edu.ba\/index.php\/wp-json\/wp\/v2\/pages\/690\/revisions\/745"}],"wp:attachment":[{"href":"https:\/\/oszd.edu.ba\/index.php\/wp-json\/wp\/v2\/media?parent=690"}],"curies":[{"name":"wp","href":"https:\/\/api.w.org\/{rel}","templated":true}]}}