{"id":698,"date":"2025-03-06T19:17:31","date_gmt":"2025-03-06T19:17:31","guid":{"rendered":"http:\/\/localhost\/oszd.edu.ba\/?page_id=698"},"modified":"2025-03-06T19:44:56","modified_gmt":"2025-03-06T19:44:56","slug":"lektire","status":"publish","type":"page","link":"https:\/\/oszd.edu.ba\/index.php\/lektire\/","title":{"rendered":"Lektire"},"content":{"rendered":"\n<div class=\"wp-block-group is-layout-grid wp-container-core-group-is-layout-9649a0d9 wp-block-group-is-layout-grid\">\n<p>Lektira za drugi razred devetogodi\u0161nje osnovnoe \u0161kole:<\/p>\n\n\n\n<p>Tekstovi za zajedni\u010dko \u010ditanje, analizu i kao poticaj literarnom i drugim vidovima stvarala\u0161tva, a u funkciji pripreme za samostalno \u010ditanje (lektira).<\/p>\n\n\n\n<ol class=\"wp-block-list\">\n<li>Branko \u0106opi\u0107: Je\u017eeva ku\u0107ica<\/li>\n\n\n\n<li>Sun\u010dana \u0160krinjari\u0107: Du\u0107an kod svrake<\/li>\n\n\n\n<li>Zehra Hubijar: Medin ro\u0111endan<\/li>\n<\/ol>\n<\/div>\n\n\n\n<hr class=\"wp-block-separator has-alpha-channel-opacity\"\/>\n\n\n\n<div class=\"wp-block-group is-layout-grid wp-container-core-group-is-layout-9649a0d9 wp-block-group-is-layout-grid\">\n<p>Lektira za tre\u0107i razred devetogodi\u0161nje osnovne \u0161kole:<\/p>\n\n\n\n<ol class=\"wp-block-list\">\n<li>Nasiha Kapid\u017ei\u0107-Had\u017ei\u0107: Pjesme (po izboru)<\/li>\n\n\n\n<li>\u0160imo E\u0161i\u010d: Vezena torbica<\/li>\n\n\n\n<li>Ahmet Hromad\u017ei\u0107: Zelena \u0161uma (Pri\u010de : Ledena gora ; Prijatelji ; Mi\u0161 vitez)<\/li>\n\n\n\n<li>Stanislav Femeni\u0107: Idi pa vidi<\/li>\n<\/ol>\n<\/div>\n\n\n<\/div>\n<p><!-- \/wp:post-content --><\/p>\n<p><!-- wp:separator --><\/p>\n<hr class=\"wp-block-separator has-alpha-channel-opacity\"\/>\n<!-- \/wp:separator --><\/p>\n<p><!-- wp:group {\"layout\":{\"type\":\"grid\"}} --><\/p>\n<div class=\"wp-block-group\"><!-- wp:paragraph --><\/p>\n<p>Lektira za \u010detvrti razred devetogodi\u0161nje osnovne \u0161kole:<\/p>\n<p><!-- \/wp:paragraph --><\/p>\n<p><!-- wp:list {\"ordered\":true} --><\/p>\n<ol class=\"wp-block-list\"><!-- wp:list-item --><\/p>\n<li>Bisera Alikadi\u0107: Kraljica iz dvori\u0161ta<\/li>\n<p><!-- \/wp:list-item --><\/p>\n<p><!-- wp:list-item --><\/p>\n<li>Carlo Collodi: Pinokio<\/li>\n<p><!-- \/wp:list-item --><\/p>\n<p><!-- wp:list-item --><\/p>\n<li>Izbor iz BH: Poezija za djecu<\/li>\n<p><!-- \/wp:list-item --><\/p>\n<p><!-- wp:list-item --><\/p>\n<li>Zekerija Ned\u017eati: Djeca triju ulica<\/li>\n<p><!-- \/wp:list-item --><\/p>\n<p><!-- wp:list-item --><\/p>\n<li>Ivica Vanja Rori\u0107: Plavi vjetar<\/li>\n<p><!-- \/wp:list-item --><\/ol>\n<p><!-- \/wp:list --><\/div>\n<p><!-- \/wp:group --><\/p>\n<p><!-- wp:separator --><\/p>\n<hr class=\"wp-block-separator has-alpha-channel-opacity\"\/>\n<!-- \/wp:separator --><\/p>\n<p><!-- wp:group {\"layout\":{\"type\":\"grid\"}} --><\/p>\n<div class=\"wp-block-group\"><!-- wp:paragraph --><\/p>\n<p>Lektira za peti razred devetogodi\u0161nje osnovne \u0161kole:<\/p>\n<p><!-- \/wp:paragraph --><\/p>\n<p><!-- wp:list {\"ordered\":true} --><\/p>\n<ol class=\"wp-block-list\"><!-- wp:list-item --><\/p>\n<li>Ahmet Hromad\u017ei\u0107: Patuljak vam pri\u010da<\/li>\n<p><!-- \/wp:list-item --><\/p>\n<p><!-- wp:list-item --><\/p>\n<li>Alija Dubo\u010danin: Tiha rijeka djetinjstva<\/li>\n<p><!-- \/wp:list-item --><\/p>\n<p><!-- wp:list-item --><\/p>\n<li>Ivana Brli\u0107-Ma\u017eurani\u0107: Pri\u010de iz davnine<\/li>\n<p><!-- \/wp:list-item --><\/p>\n<p><!-- wp:list-item --><\/p>\n<li>\u0110ani Rodari: Putovanje Plave Strijele<\/li>\n<p><!-- \/wp:list-item --><\/p>\n<p><!-- wp:list-item --><\/p>\n<li>Mato Lovrak: Vlak u snijegu<\/li>\n<p><!-- \/wp:list-item --><\/p>\n<p><!-- wp:list-item --><\/p>\n<li>Ismet Bekri\u0107: Jesen u gradu (izabrane pjesme)<\/li>\n<p><!-- \/wp:list-item --><\/ol>\n<p><!-- \/wp:list --><\/div>\n<p><!-- \/wp:group --><\/p>\n<p><!-- wp:separator --><\/p>\n<hr class=\"wp-block-separator has-alpha-channel-opacity\"\/>\n<!-- \/wp:separator --><\/p>\n<p><!-- wp:group {\"layout\":{\"type\":\"grid\"}} --><\/p>\n<div class=\"wp-block-group\"><!-- wp:paragraph --><\/p>\n<p>Lektira za \u0161esti razred devetogodi\u0161nje osnovne \u0161kole:<\/p>\n<p><!-- \/wp:paragraph --><\/p>\n<p><!-- wp:paragraph --><\/p>\n<p>\/\u0161iri izbor \/<\/p>\n<p><!-- \/wp:paragraph --><\/p>\n<p><!-- wp:list {\"ordered\":true} --><\/p>\n<ol class=\"wp-block-list\"><!-- wp:list-item --><\/p>\n<li>S. Pili\u0107:\u201dMrvice iz dnevnog boravka\u201d<\/li>\n<p><!-- \/wp:list-item --><\/p>\n<p><!-- wp:list-item --><\/p>\n<li>Branko \u0106opi\u0107: \u00abOrlovi rano lete\u00bb<\/li>\n<p><!-- \/wp:list-item --><\/p>\n<p><!-- wp:list-item --><\/p>\n<li>Zvonimir Balog:\u201dNevidljiva Iva\u201d<\/li>\n<p><!-- \/wp:list-item --><\/p>\n<p><!-- wp:list-item --><\/p>\n<li>Miroslav Anti\u0107: \u00abPlavi \u010duperak\u00bb<\/li>\n<p><!-- \/wp:list-item --><\/p>\n<p><!-- wp:list-item --><\/p>\n<li>A. Isakovi\u0107: \u00abLijeve pri\u010de\u00bb<\/li>\n<p><!-- \/wp:list-item --><\/p>\n<p><!-- wp:list-item --><\/p>\n<li>\u017deljko Ivankovi\u0107: \u00abZvjezdangrad\u00bb<\/li>\n<p><!-- \/wp:list-item --><\/p>\n<p><!-- wp:list-item --><\/p>\n<li>D\u017eemaludin Lati\u0107: \u00abSrebrena \u010desma\u00bb<\/li>\n<p><!-- \/wp:list-item --><\/p>\n<p><!-- wp:list-item --><\/p>\n<li>V. Milo\u0161evi\u0107: \u00abDjeca su vojska najja\u010da\u201d (izbor)<\/li>\n<p><!-- \/wp:list-item --><\/p>\n<p><!-- wp:list-item --><\/p>\n<li>K. Neslinger:\u201dKonrad,dijete iz limenke\u201d<\/li>\n<p><!-- \/wp:list-item --><\/p>\n<p><!-- wp:list-item --><\/p>\n<li>D. Defo: \u201cRobinzon Kruso\u201d<\/li>\n<p><!-- \/wp:list-item --><\/p>\n<p><!-- wp:list-item --><\/p>\n<li>Mark Tven: \u201cDo\u017eivljaj Haklberi Fina\u201d<\/li>\n<p><!-- \/wp:list-item --><\/p>\n<p><!-- wp:list-item --><\/p>\n<li>A. Miki\u0107: \u201cSun\u010dana obala\u201d<\/li>\n<p><!-- \/wp:list-item --><\/p>\n<p><!-- wp:list-item --><\/p>\n<li>A. Hozi\u0107: \u201e\u010cudo od djeteta\u201d<\/li>\n<p><!-- \/wp:list-item --><\/p>\n<p><!-- wp:list-item --><\/p>\n<li>\u0160. Pand\u017eo: \u201eSamo jo\u0161 kosovi zvi\u017edu\u0107u\u201d<\/li>\n<p><!-- \/wp:list-item --><\/p>\n<p><!-- wp:list-item --><\/p>\n<li>A. H. dubo\u010danin: \u201eLa\u0111arski put\u201d<\/li>\n<p><!-- \/wp:list-item --><\/p>\n<p><!-- wp:list-item --><\/p>\n<li>\u017d. Ivankovi\u0107: \u201eDva obla\u010dka\u201d<\/li>\n<p><!-- \/wp:list-item --><\/p>\n<p><!-- wp:list-item --><\/p>\n<li>B. Alikadi\u0107: \u201eVoz do neba\u201d<\/li>\n<p><!-- \/wp:list-item --><\/ol>\n<p><!-- \/wp:list --><\/p>\n<p><!-- wp:paragraph --><\/p>\n<p>(Napomena: u toku jedne \u0161kolske godine obraditi 8\/9 lektirskih djela, po izboru samih nastavnika od punu\u0111enih djela, s time da se za svaku novu \u0161kolsku godinu izbor djela mo\u017ee mijenjati).<\/p>\n<p><!-- \/wp:paragraph --><\/div>\n<p><!-- \/wp:group --><\/p>\n<p><!-- wp:separator --><\/p>\n<hr class=\"wp-block-separator has-alpha-channel-opacity\"\/>\n<!-- \/wp:separator --><\/p>\n<p><!-- wp:group {\"layout\":{\"type\":\"grid\"}} --><\/p>\n<div class=\"wp-block-group\"><!-- wp:paragraph --><\/p>\n<p>Lektira za sedmi razred osmogodi\u0161nje osnovne \u0161kole: \/\u0160iri izbor\/<\/p>\n<p><!-- \/wp:paragraph --><\/p>\n<p><!-- wp:list {\"ordered\":true} --><\/p>\n<ol class=\"wp-block-list\"><!-- wp:list-item --><\/p>\n<li>Erih Kestner: Lete\u0107i razred<\/li>\n<p><!-- \/wp:list-item --><\/p>\n<p><!-- wp:list-item --><\/p>\n<li>Irfan Horozovi\u0107: Vauvan<\/li>\n<p><!-- \/wp:list-item --><\/p>\n<p><!-- wp:list-item --><\/p>\n<li>Nenad Radanovi\u0107: Almin vrt<\/li>\n<p><!-- \/wp:list-item --><\/p>\n<p><!-- wp:list-item --><\/p>\n<li>Ivo Andri\u0107: Deca<\/li>\n<p><!-- \/wp:list-item --><\/p>\n<p><!-- wp:list-item --><\/p>\n<li>Zuko D\u017eumhur: Putopisi (po izboru)<\/li>\n<p><!-- \/wp:list-item --><\/p>\n<p><!-- wp:list-item --><\/p>\n<li>Branislav Nu\u0161i\u0107: Sumnjivo lice<\/li>\n<p><!-- \/wp:list-item --><\/p>\n<p><!-- wp:list-item --><\/p>\n<li>Musa \u0106azim \u0106ati\u0107: Poezija (izbor)<\/li>\n<p><!-- \/wp:list-item --><\/p>\n<p><!-- wp:list-item --><\/p>\n<li>Aleksa \u0160anti\u0107: Poezija (izbor)<\/li>\n<p><!-- \/wp:list-item --><\/p>\n<p><!-- wp:list-item --><\/p>\n<li>Svetozar \u0106orovi\u0107: Stojan Mutika\u0161a<\/li>\n<p><!-- \/wp:list-item --><\/p>\n<p><!-- wp:list-item --><\/p>\n<li>Alija Hasagi\u0107 Dubo\u010danin: La\u0111arski put<\/li>\n<p><!-- \/wp:list-item --><\/p>\n<p><!-- wp:list-item --><\/p>\n<li>Dobrica Cesari\u0107: Pjesme (izbor)<\/li>\n<p><!-- \/wp:list-item --><\/p>\n<p><!-- wp:list-item --><\/p>\n<li>Nura Bazdulj-Hubijar: Ru\u017ea<\/li>\n<p><!-- \/wp:list-item --><\/p>\n<p><!-- wp:list-item --><\/p>\n<li>A.de Saint-Euxpery: Mali princ<\/li>\n<p><!-- \/wp:list-item --><\/p>\n<p><!-- wp:list-item --><\/p>\n<li>Pearl Buck (Perl Bak): Veliki talas<\/li>\n<p><!-- \/wp:list-item --><\/p>\n<p><!-- wp:list-item --><\/p>\n<li>Stjepan \u010cui\u0107: Ponor<\/li>\n<p><!-- \/wp:list-item --><\/p>\n<p><!-- wp:list-item --><\/p>\n<li>Kelila i Dimna<\/li>\n<p><!-- \/wp:list-item --><\/p>\n<p><!-- wp:list-item --><\/p>\n<li>Ranko Risojevi\u0107: Dje\u010daci sa Une (roman)<\/li>\n<p><!-- \/wp:list-item --><\/p>\n<p><!-- wp:list-item --><\/p>\n<li>Erih Ko\u0161: Prvo lice jednine (zbirka)<\/li>\n<p><!-- \/wp:list-item --><\/ol>\n<p><!-- \/wp:list --><\/div>\n<p><!-- \/wp:group --><\/p>\n<p><!-- wp:separator --><\/p>\n<hr class=\"wp-block-separator has-alpha-channel-opacity\"\/>\n<!-- \/wp:separator --><\/p>\n<p><!-- wp:group {\"layout\":{\"type\":\"grid\"}} --><\/p>\n<div class=\"wp-block-group\"><!-- wp:paragraph --><\/p>\n<p>Lektira za osmi razred osmogodi\u0161nje osnovne \u0161kole:<\/p>\n<p><!-- \/wp:paragraph --><\/p>\n<p><!-- wp:paragraph --><\/p>\n<p>\/\u0161iri izbor \/<\/p>\n<p><!-- \/wp:paragraph --><\/p>\n<p><!-- wp:list {\"ordered\":true} --><\/p>\n<ol class=\"wp-block-list\"><!-- wp:list-item --><\/p>\n<li>Abdulah Sidran: Sje\u0107a\u0161 li se Doli Bel<\/li>\n<p><!-- \/wp:list-item --><\/p>\n<p><!-- wp:list-item --><\/p>\n<li>A.B.\u0160imi\u0107: Poezija (izbor)<\/li>\n<p><!-- \/wp:list-item --><\/p>\n<p><!-- wp:list-item --><\/p>\n<li>Zija Dizdarevi\u0107: Pripovijetke<\/li>\n<p><!-- \/wp:list-item --><\/p>\n<p><!-- wp:list-item --><\/p>\n<li>Walt Whitman (Volt Vitmen): Vlati trave<\/li>\n<p><!-- \/wp:list-item --><\/p>\n<p><!-- wp:list-item --><\/p>\n<li>Dinko \u0160imunovi\u0107: Pri\u010de (izbor)<\/li>\n<p><!-- \/wp:list-item --><\/p>\n<p><!-- wp:list-item --><\/p>\n<li>Alija Nametak: Pri\u010de (izbor)<\/li>\n<p><!-- \/wp:list-item --><\/p>\n<p><!-- wp:list-item --><\/p>\n<li>Evlija \u010celebija: Putopisi (izbor iz putopisa o bosanskohercegova\u010dkim gradovima)<\/li>\n<p><!-- \/wp:list-item --><\/p>\n<p><!-- wp:list-item --><\/p>\n<li>Miljenko Jergovi\u0107: Mama Leone<\/li>\n<p><!-- \/wp:list-item --><\/p>\n<p><!-- wp:list-item --><\/p>\n<li>E.A.Poe (E.A.Po): Pripovijetke (po izboru)<\/li>\n<p><!-- \/wp:list-item --><\/p>\n<p><!-- wp:list-item --><\/p>\n<li>Ernest Hemingway (Ernest Hemingvej): Starac i more<\/li>\n<p><!-- \/wp:list-item --><\/p>\n<p><!-- wp:list-item --><\/p>\n<li>Dario D\u017eamonja: Pri\u010de (izbor)<\/li>\n<p><!-- \/wp:list-item --><\/p>\n<p><!-- wp:list-item --><\/p>\n<li>Danilo Ki\u0161: Rani jadi<\/li>\n<p><!-- \/wp:list-item --><\/p>\n<p><!-- wp:list-item --><\/p>\n<li>Dervi\u0161 Su\u0161i\u0107: Veliki vezir<\/li>\n<p><!-- \/wp:list-item --><\/p>\n<p><!-- wp:list-item --><\/p>\n<li>Ivo Andri\u0107: Aska i vuk (izbor pri\u010da)<\/li>\n<p><!-- \/wp:list-item --><\/p>\n<p><!-- wp:list-item --><\/p>\n<li>L.N. Tolstoj: Had\u017ei Murat<\/li>\n<p><!-- \/wp:list-item --><\/p>\n<p><!-- wp:list-item --><\/p>\n<li>Slavko Kolar: Breza<\/li>\n<p><!-- \/wp:list-item --><\/ol>\n<p><!-- \/wp:list --><\/div>\n<p><!-- \/wp:group --><\/p>\n<p><!-- wp:group {\"layout\":{\"type\":\"grid\"}} --><\/p>\n<div class=\"wp-block-group\"><\/div>\n<p><!-- \/wp:group --><\/p>\n<p><!-- wp:separator --><\/p>\n<hr class=\"wp-block-separator has-alpha-channel-opacity\"\/>\n<!-- \/wp:separator --><\/p>\n<p><!-- wp:paragraph --><\/p>\n<p><!-- \/wp:paragraph --><\/p>","protected":false},"excerpt":{"rendered":"<p>Lektira za drugi razred devetogodi\u0161nje osnovnoe \u0161kole: Tekstovi za zajedni\u010dko \u010ditanje, analizu i kao poticaj literarnom i drugim vidovima stvarala\u0161tva, a u funkciji pripreme za samostalno \u010ditanje (lektira). Lektira za tre\u0107i razred devetogodi\u0161nje osnovne \u0161kole: Lektira za \u010detvrti razred devetogodi\u0161nje osnovne \u0161kole: Bisera Alikadi\u0107: Kraljica iz dvori\u0161ta Carlo Collodi: Pinokio Izbor iz BH: Poezija za&#8230;<\/p>\n","protected":false},"author":1,"featured_media":0,"parent":0,"menu_order":0,"comment_status":"closed","ping_status":"closed","template":"","meta":{"footnotes":""},"class_list":["post-698","page","type-page","status-publish","hentry"],"_links":{"self":[{"href":"https:\/\/oszd.edu.ba\/index.php\/wp-json\/wp\/v2\/pages\/698","targetHints":{"allow":["GET"]}}],"collection":[{"href":"https:\/\/oszd.edu.ba\/index.php\/wp-json\/wp\/v2\/pages"}],"about":[{"href":"https:\/\/oszd.edu.ba\/index.php\/wp-json\/wp\/v2\/types\/page"}],"author":[{"embeddable":true,"href":"https:\/\/oszd.edu.ba\/index.php\/wp-json\/wp\/v2\/users\/1"}],"replies":[{"embeddable":true,"href":"https:\/\/oszd.edu.ba\/index.php\/wp-json\/wp\/v2\/comments?post=698"}],"version-history":[{"count":7,"href":"https:\/\/oszd.edu.ba\/index.php\/wp-json\/wp\/v2\/pages\/698\/revisions"}],"predecessor-version":[{"id":700,"href":"https:\/\/oszd.edu.ba\/index.php\/wp-json\/wp\/v2\/pages\/698\/revisions\/700"}],"wp:attachment":[{"href":"https:\/\/oszd.edu.ba\/index.php\/wp-json\/wp\/v2\/media?parent=698"}],"curies":[{"name":"wp","href":"https:\/\/api.w.org\/{rel}","templated":true}]}}