{"id":793,"date":"2025-03-17T17:41:12","date_gmt":"2025-03-17T17:41:12","guid":{"rendered":"https:\/\/oszd.edu.ba\/?page_id=793"},"modified":"2025-03-21T08:54:44","modified_gmt":"2025-03-21T08:54:44","slug":"793-2","status":"publish","type":"page","link":"https:\/\/oszd.edu.ba\/index.php\/793-2\/","title":{"rendered":"Uposlenici"},"content":{"rendered":"\n<div class=\"wp-block-buttons red-tab is-layout-flex wp-block-buttons-is-layout-flex\">\n<div class=\"wp-block-button tab-title\"><a class=\"wp-block-button__link wp-element-button\">Uprava<\/a><\/div>\n\n\n\n<div class=\"wp-block-button tab-title\"><a class=\"wp-block-button__link wp-element-button\">U\u010ditelji<\/a><\/div>\n\n\n\n<div class=\"wp-block-button tab-title\"><a class=\"wp-block-button__link wp-element-button\">Nastavnici<\/a><\/div>\n\n\n\n<div class=\"wp-block-button tab-title\"><a class=\"wp-block-button__link wp-element-button\">Asistenti<\/a><\/div>\n\n\n\n<div class=\"wp-block-button tab-title\"><a class=\"wp-block-button__link wp-element-button\">Tehni\u010dko osoblje<\/a><\/div>\n<\/div>\n\n\n\n<div class=\"wp-block-group tab-content\"><div class=\"wp-block-group__inner-container is-layout-constrained wp-block-group-is-layout-constrained\">\n<div class=\"wp-block-group\"><div class=\"wp-block-group__inner-container is-layout-constrained wp-block-group-is-layout-constrained\">\n<p>Begi\u0107 Almer&nbsp;&nbsp; Direktor<\/p>\n<\/div><\/div>\n\n\n\n<p>Sivac Anisa&nbsp;&nbsp;&nbsp;Pomo\u0107nica direktora<\/p>\n\n\n\n<p>Rizvanovi\u0107 Amir&nbsp; &nbsp;Sekretar<\/p>\n\n\n\n<p>D\u017eepar Evlijana&nbsp;&nbsp; &nbsp;Diplomirani pedagog<\/p>\n\n\n\n<p>Kapid\u017ei\u0107 Mirsada&nbsp;&nbsp;&nbsp;&nbsp; Psiholog<\/p>\n\n\n\n<p>Kapo Nedim&nbsp;&nbsp;&nbsp;&nbsp;&nbsp;&nbsp; Samostalni referent za plan i analizu<\/p>\n\n\n\n<p>Maki\u0107 Fatima&nbsp;&nbsp;&nbsp;&nbsp; Bibliotekar<\/p>\n\n\n\n<p>Deli\u0107-Fazli\u0107 Mersiha&nbsp;&nbsp;&nbsp;Socijalni radnik<\/p>\n<\/div><\/div>\n\n\n\n<div class=\"wp-block-group tab-content\"><div class=\"wp-block-group__inner-container is-layout-constrained wp-block-group-is-layout-constrained\">\n<p>Be\u0161lija Sanela&nbsp;&nbsp;&nbsp;&nbsp; Nastavnik\/ica razredne nastave<\/p>\n\n\n\n<p>Bla\u017eevi\u0107 Nermin&nbsp;&nbsp; Nastavnik\/ica razredne nastave<\/p>\n\n\n\n<p>Hajder Nermina&nbsp;&nbsp; Nastavnik\/ica razredne nastave<\/p>\n\n\n\n<p>Halil\u010devi\u0107 Mubera&nbsp;&nbsp; Nastavnik\/ica razredne nastave<\/p>\n\n\n\n<p>Jaganjac D\u017eemila&nbsp;&nbsp;&nbsp; Nastavnik\/ica razredne nastave<\/p>\n\n\n\n<p>Ke\u0161an Hedija&nbsp;&nbsp;&nbsp;&nbsp;&nbsp; Nastavnik\/ica razredne nastave<\/p>\n\n\n\n<p>Malji\u0161evi\u0107 Sanela&nbsp;&nbsp; Nastavnik\/ica razredne nastave<\/p>\n\n\n\n<p>Meki\u0107 Elmira&nbsp;&nbsp;&nbsp;&nbsp;&nbsp;&nbsp; Nastavnik\/ica razredne nastave<\/p>\n\n\n\n<p>Mirvi\u0107 \u0160efika&nbsp;&nbsp;&nbsp; Nastavnik\/ica razredne nastave<\/p>\n\n\n\n<p>Pu\u0161ina Alisa&nbsp;&nbsp;&nbsp;&nbsp;&nbsp;&nbsp;&nbsp; Nastavnik\/ica razredne nastave<\/p>\n\n\n\n<p>\u0160ejto Halida&nbsp;&nbsp;&nbsp;&nbsp;&nbsp;&nbsp;&nbsp; Nastavnik\/ica razredne nastave<\/p>\n\n\n\n<p>\u0160olji\u0107 Senad&nbsp;&nbsp;&nbsp;&nbsp;&nbsp;&nbsp;&nbsp; Nastavnik\/ica razredne nastave<\/p>\n<\/div><\/div>\n\n\n\n<div class=\"wp-block-group tab-content\"><div class=\"wp-block-group__inner-container is-layout-constrained wp-block-group-is-layout-constrained\">\n<p>Avduki\u0107 Senka&nbsp;&nbsp; Nastavnik\/ica bosanskog jezika i knji\u017eevnosti<\/p>\n\n\n\n<p>Brkani\u0107 Fata&nbsp;&nbsp;&nbsp;&nbsp;&nbsp;&nbsp;&nbsp; Nastavnik\/ica geografije\/zemljopisa<\/p>\n\n\n\n<p>Brkovi\u0107 Kasim&nbsp;&nbsp;&nbsp; Nastavnik\/ica vjeronauke<\/p>\n\n\n\n<p>Covo Amira&nbsp;&nbsp;&nbsp;&nbsp;&nbsp;&nbsp;&nbsp;&nbsp; Nastavnik\/ica kemije<\/p>\n\n\n\n<p>\u010caki\u0107 Hadis&nbsp;&nbsp;&nbsp;&nbsp;&nbsp;&nbsp;&nbsp;&nbsp;&nbsp; Nastavnik\/ica muzi\u010dke\/glazbene kulture<\/p>\n\n\n\n<p>D\u017eafi\u0107 D\u017eevad&nbsp;&nbsp;&nbsp; Nastavnik\/ica geografije\/zemljopisa<\/p>\n\n\n\n<p>Gobelji\u0107 Enida&nbsp;&nbsp;&nbsp; Nastavnik\/ica matematike i fizike<\/p>\n\n\n\n<p>Ikovi\u0107 Samira&nbsp;&nbsp;&nbsp;&nbsp;&nbsp; Nastavnik\/ica njema\u010dkog jezika<\/p>\n\n\n\n<p>Imamovi\u0107 Adna Nastavnik\/ica turskog jezika<\/p>\n\n\n\n<p>Isakovi\u0107 Na\u0111a&nbsp;&nbsp;&nbsp;&nbsp; Nastavnik\/ica tjelesnog i zdravstvenog odgoja<\/p>\n\n\n\n<p>Islamovi\u0107 Erol&nbsp;&nbsp;&nbsp;&nbsp; Nastavnik\/ica likovne kulture<\/p>\n\n\n\n<p>Jahi\u0107 Alma&nbsp;&nbsp;&nbsp;&nbsp;&nbsp;&nbsp;&nbsp;&nbsp;&nbsp;&nbsp; Nastavnik\/ica tehni\u010dke kulture<\/p>\n\n\n\n<p>Muhi\u0107 Lejla&nbsp;&nbsp;&nbsp;&nbsp;&nbsp;&nbsp;&nbsp;&nbsp; Nastavnik\/ica engleskog jezika<\/p>\n\n\n\n<p>Mujkanovi\u0107 Midhat&nbsp;&nbsp;&nbsp;&nbsp;&nbsp;&nbsp;&nbsp;&nbsp; Nastavnik\/ica matematike i informatike<\/p>\n\n\n\n<p>Rustempa\u0161i\u0107 Mihada&nbsp;&nbsp;&nbsp;&nbsp;&nbsp; Nastavnik\/ica matematike i informatike<\/p>\n\n\n\n<p>Saletovi\u0107 Amir&nbsp;&nbsp; Nastavnik\/ica tehni\u010dkog obrazovanja<\/p>\n\n\n\n<p>Sivac Anisa&nbsp;&nbsp;&nbsp;&nbsp;&nbsp;&nbsp;&nbsp;&nbsp;&nbsp; Nastavnik\/ica hemije i kulture \u017eivljenja<\/p>\n\n\n\n<p>Spahi\u0107-\u0106orovi\u0107 Belma&nbsp;&nbsp;&nbsp;&nbsp; Nastavnik\/ica historije\/povijesti<\/p>\n\n\n\n<p>Spaho Alem&nbsp;&nbsp;&nbsp;&nbsp;&nbsp; Nastavnik\/ica informatike<\/p>\n\n\n\n<p>Suljevi\u0107 Ba\u017edar Hana&nbsp;&nbsp;&nbsp;&nbsp; Nastavnik\/ica matematike<\/p>\n\n\n\n<p>\u0160ljivi\u0107 Samira&nbsp;&nbsp;&nbsp;&nbsp;&nbsp; Nastavnik\/ica engleskog jezika<\/p>\n\n\n\n<p>Tahi\u0107 Enela&nbsp;&nbsp;&nbsp;&nbsp;&nbsp;&nbsp;&nbsp;&nbsp; Nastavnik\/ica bosanskog jezika i knji\u017eevnosti<\/p>\n\n\n\n<p>Topal Mevlida&nbsp;&nbsp;&nbsp; Nastavnik\/ica biologije<\/p>\n\n\n\n<p>Torlak Senada&nbsp;&nbsp;&nbsp; Nastavnik\/ica engleskog jezika<\/p>\n\n\n\n<p>Zekovi\u0107 Nina&nbsp;&nbsp;&nbsp;&nbsp;&nbsp;&nbsp; Nastavnik\/ica tjelesnog i zdravstvenog odgoja<\/p>\n\n\n\n<p>Zuki\u0107 Emina&nbsp;&nbsp;&nbsp;&nbsp;&nbsp;&nbsp;&nbsp; Nastavnik\/ica bosanskog, srpskog, hrvatskog jezika i knji\u017eevnosti<\/p>\n<\/div><\/div>\n\n\n\n<div class=\"wp-block-group tab-content\"><div class=\"wp-block-group__inner-container is-layout-constrained wp-block-group-is-layout-constrained\">\n<p>Produ\u017eeni boravak I &nbsp;Asistenti<\/p>\n\n\n\n<p>\u017du\u017ei\u0107 Had\u017ei\u0107 Mirela&nbsp;&nbsp;&nbsp; Asistent u nastavi<\/p>\n\n\n\n<p>Duri\u0107 D\u017eenana&nbsp;&nbsp;  Asistent u nastavi<\/p>\n\n\n\n<p>Ho\u017ebo Amela&nbsp;&nbsp;&nbsp;&nbsp; Asistent u nastavi<\/p>\n\n\n\n<p>Mehi\u0107 Mirsada&nbsp;  Asistent u nastavi<\/p>\n\n\n\n<p>Ribo Su\u0107eska Amra&nbsp;&nbsp;&nbsp;&nbsp;&nbsp;Voditelj grupe u produ\u017eenom boravku<\/p>\n\n\n\n<p>Ismi\u0107 Amina&nbsp;&nbsp;&nbsp;&nbsp;&nbsp;&nbsp;&nbsp; Nastavnik\/ica u produ\u017eenom boravku<\/p>\n<\/div><\/div>\n\n\n\n<div class=\"wp-block-group tab-content\"><div class=\"wp-block-group__inner-container is-layout-constrained wp-block-group-is-layout-constrained\">\n<p>Ba\u0161i\u0107 Almira&nbsp;&nbsp;&nbsp;&nbsp;&nbsp;&nbsp;&nbsp; Higijeni\u010darka\/sprema\u010dica<\/p>\n\n\n\n<p>Bekti\u0107 Nasira&nbsp;&nbsp;&nbsp;&nbsp;&nbsp; Higijeni\u010dar<\/p>\n\n\n\n<p>Bogilovi\u0107 Amela Higijeni\u010darka\/sprema\u010dica<\/p>\n\n\n\n<p>Grabovica \u0160emsa&nbsp;&nbsp;&nbsp;&nbsp;&nbsp;&nbsp;&nbsp;&nbsp;&nbsp;Higijeni\u010dar<\/p>\n\n\n\n<p>Hasovi\u0107 Almedina&nbsp;&nbsp;&nbsp;&nbsp;&nbsp;&nbsp; Servirka<\/p>\n\n\n\n<p>Ke\u010do Jasmina&nbsp;&nbsp;&nbsp;&nbsp; Higijeni\u010darka\/sprema\u010dica<\/p>\n\n\n\n<p>Malki\u0107 Sabiha&nbsp;&nbsp;&nbsp; Higijeni\u010dar<\/p>\n\n\n\n<p>Salihagi\u0107 D\u017eenana&nbsp;&nbsp;&nbsp;&nbsp;&nbsp;&nbsp; Radnik na odr\u017eavanju higijene<\/p>\n\n\n\n<p>\u0160eho Mirela&nbsp;&nbsp;&nbsp;&nbsp;&nbsp; Radnik na odr\u017eavanju higijene<\/p>\n\n\n\n<p>\u017duni\u0107 Meliha&nbsp;&nbsp;&nbsp;&nbsp;&nbsp; Higijeni\u010darka\/sprema\u010dica<\/p>\n\n\n\n<p>Gond\u017eo Refik&nbsp;&nbsp;&nbsp;&nbsp;\u010cuvar<\/p>\n\n\n\n<p>Kapo Mirsad&nbsp;&nbsp;&nbsp;&nbsp; Lo\u017ea\u010d<\/p>\n\n\n\n<p>Mujan Nijaz&nbsp;&nbsp;&nbsp;&nbsp;&nbsp;&nbsp;Domar<\/p>\n\n\n\n<p>Plakalo Ned\u017ead Dnevni \u010duvar<\/p>\n<\/div><\/div>\n\n\n\n<style>\n:root {\n  --tab-main: #1B8415;\n  --tab-gray: #ccc;\n}\n\n.red-tab {\n    overflow: hidden;\n    border-bottom: 1px solid var(--tab-gray);\n    background-color: white;\n    display: flex;\n    flex-wrap: wrap;\n    align-items: center;\n    justify-content: flex-start!important;\n    align-content: space-between;\n    flex-direction: row;\n    margin-bottom: 1px!important;\n    gap: 0px!important;\n}\n.red-tab div{\n  float: left;\n  border-bottom: 3px solid transparent;\n  cursor: pointer;\n  transition: 0.3s;\n  font-size: 17px;\n}\n.red-tab a.wp-block-button__link {\n    color: black!important;\n    background-color: transparent!important;\n}\n.red-tab div a {\n    padding: 10px 20px!important;\n}\n.red-tab div:hover a, .red-tab div.active a {\n    color: var(--tab-main)!important;\n}\n.red-tab div.active, .red-tab div:hover {\n    color: var(--tab-main)!important;\n    border-bottom: 3px solid var(--tab-main);\n    z-index: 3;\n}\n.tab-content {\n    display: none;\n    padding: 35px 15px;\n    border-top: none;\n    box-shadow: 0 12px 25px -10px #00000040;\n\tbackground-color: white;\n}\n.active {\n    display: block;\n}\n<\/style>\n\n\n\n<script>\ndocument.addEventListener(\"click\", e => {  if (e.target.parentElement.classList.contains(\"tab-title\")  ) { redTab(e) }  });\n\n[...document.querySelectorAll(\"div.red-tab div\")].forEach((tabTile, index) => {\n    tabTile.classList.toggle('active', index == 0)\n  });\n[...document.querySelectorAll(\".tab-content\")].forEach((tabcontent, index) => {\n  tabcontent.classList.toggle('active', index == 0)\n  });\nfunction redTab(e) {\t\n  let tabTiles = [...document.querySelectorAll(\"div.red-tab div\")];\n  let tabcontents = [...document.querySelectorAll(\".tab-content\")];\n  let activeTabIndex = tabTiles.findIndex(tab => { return tab == e.target.parentElement })\n  tabTiles.forEach((tabTile, index) => {\n    tabTile.classList.toggle('active', index === activeTabIndex)\n  })\n  tabcontents.forEach((tabcontent, index) => {\n  tabcontent.classList.toggle('active', index === activeTabIndex)\n  })\n}\n<\/script>\n","protected":false},"excerpt":{"rendered":"<p>Begi\u0107 Almer&nbsp;&nbsp; Direktor Sivac Anisa&nbsp;&nbsp;&nbsp;Pomo\u0107nica direktora Rizvanovi\u0107 Amir&nbsp; &nbsp;Sekretar D\u017eepar Evlijana&nbsp;&nbsp; &nbsp;Diplomirani pedagog Kapid\u017ei\u0107 Mirsada&nbsp;&nbsp;&nbsp;&nbsp; Psiholog Kapo Nedim&nbsp;&nbsp;&nbsp;&nbsp;&nbsp;&nbsp; Samostalni referent za plan i analizu Maki\u0107 Fatima&nbsp;&nbsp;&nbsp;&nbsp; Bibliotekar Deli\u0107-Fazli\u0107 Mersiha&nbsp;&nbsp;&nbsp;Socijalni radnik Be\u0161lija Sanela&nbsp;&nbsp;&nbsp;&nbsp; Nastavnik\/ica razredne nastave Bla\u017eevi\u0107 Nermin&nbsp;&nbsp; Nastavnik\/ica razredne nastave Hajder Nermina&nbsp;&nbsp; Nastavnik\/ica razredne nastave Halil\u010devi\u0107 Mubera&nbsp;&nbsp; Nastavnik\/ica razredne nastave Jaganjac D\u017eemila&nbsp;&nbsp;&nbsp; Nastavnik\/ica razredne nastave&#8230;<\/p>\n","protected":false},"author":1,"featured_media":0,"parent":0,"menu_order":0,"comment_status":"closed","ping_status":"closed","template":"","meta":{"footnotes":""},"class_list":["post-793","page","type-page","status-publish","hentry"],"_links":{"self":[{"href":"https:\/\/oszd.edu.ba\/index.php\/wp-json\/wp\/v2\/pages\/793","targetHints":{"allow":["GET"]}}],"collection":[{"href":"https:\/\/oszd.edu.ba\/index.php\/wp-json\/wp\/v2\/pages"}],"about":[{"href":"https:\/\/oszd.edu.ba\/index.php\/wp-json\/wp\/v2\/types\/page"}],"author":[{"embeddable":true,"href":"https:\/\/oszd.edu.ba\/index.php\/wp-json\/wp\/v2\/users\/1"}],"replies":[{"embeddable":true,"href":"https:\/\/oszd.edu.ba\/index.php\/wp-json\/wp\/v2\/comments?post=793"}],"version-history":[{"count":4,"href":"https:\/\/oszd.edu.ba\/index.php\/wp-json\/wp\/v2\/pages\/793\/revisions"}],"predecessor-version":[{"id":813,"href":"https:\/\/oszd.edu.ba\/index.php\/wp-json\/wp\/v2\/pages\/793\/revisions\/813"}],"wp:attachment":[{"href":"https:\/\/oszd.edu.ba\/index.php\/wp-json\/wp\/v2\/media?parent=793"}],"curies":[{"name":"wp","href":"https:\/\/api.w.org\/{rel}","templated":true}]}}